{"id":1445,"date":"2016-03-06T15:29:45","date_gmt":"2016-03-06T15:29:45","guid":{"rendered":"https:\/\/www.portmann-group.com\/filmguide\/?page_id=1445"},"modified":"2025-09-16T13:22:35","modified_gmt":"2025-09-16T13:22:35","slug":"impressum","status":"publish","type":"page","link":"https:\/\/www.portmann-group.com\/filmguide\/impressum\/","title":{"rendered":"Impressum"},"content":{"rendered":"<div class=\"fusion-fullwidth fullwidth-box fusion-builder-row-1 nonhundred-percent-fullwidth non-hundred-percent-height-scrolling\" style=\"--awb-background-position:left top;--awb-border-sizes-top:0px;--awb-border-sizes-bottom:0px;--awb-border-sizes-left:0px;--awb-border-sizes-right:0px;--awb-border-radius-top-left:0px;--awb-border-radius-top-right:0px;--awb-border-radius-bottom-right:0px;--awb-border-radius-bottom-left:0px;--awb-padding-top:50px;--awb-padding-bottom:50px;--awb-flex-wrap:wrap;\" ><div class=\"fusion-builder-row fusion-row\"><div class=\"fusion-layout-column fusion_builder_column fusion-builder-column-0 fusion_builder_column_1_1 1_1 fusion-one-full fusion-column-first fusion-column-last\" style=\"--awb-bg-size:cover;\"><div class=\"fusion-column-wrapper fusion-flex-column-wrapper-legacy\"><div class=\"fusion-text fusion-text-1\"><h1>Impressum<\/h1>\n<\/div><div class=\"fusion-clearfix\"><\/div><\/div><\/div><div class=\"fusion-layout-column fusion_builder_column fusion-builder-column-1 fusion_builder_column_1_2 1_2 fusion-one-half fusion-column-first\" style=\"--awb-bg-size:cover;width:48%; margin-right: 4%;\"><div class=\"fusion-column-wrapper fusion-flex-column-wrapper-legacy\"><div class=\"fusion-text fusion-text-2\"><h3>Rechtliche Hinweise<\/h3>\n<\/div><div class=\"fusion-sep-clear\"><\/div><div class=\"fusion-separator fusion-full-width-sep\" style=\"margin-left: auto;margin-right: auto;margin-top:40px;width:100%;\"><\/div><div class=\"fusion-sep-clear\"><\/div><div class=\"fusion-text fusion-text-3\"><p>PORTMANN CONTENT aktualisiert diese Webseite regelm\u00e4ssig. Trotzdem kann keine Garantie f\u00fcr die Korrektheit der Informationen gegeben werden. Alle Angaben sind ohne Gew\u00e4hr und es kann keine Haftung \u00fcbernommen werden. Die Angaben k\u00f6nnen ohne Vorank\u00fcndigung ge\u00e4ndert werden. Durch das Betrachten und Lesen der Webseite kommt kein Vertrag f\u00fcr eine Dienstleistung zwischen dem Nutzer und dem Anbieter zustande. kinowetter \u00fcbernimmt keine Gew\u00e4hrleistung f\u00fcr die Richtigkeit, Vollst\u00e4ndigkeit und Aktualit\u00e4t des Webseiteninhalts. Die Website von kinowetter hat Verkn\u00fcpfungen zu Websites Dritter. F\u00fcr die verlinkten Webseiten haftet der jeweilige Betreiber. kinowetter hat keinen Einfluss auf die Gestaltung und auf die Inhalte der verkn\u00fcpften Seiten. Der Link bedeutet auch nicht, dass kinowetter mit dem Inhalt der verlinkten Seiten in jedem Fall einverstanden ist.<\/p>\n<p>Diese Seite verwendet Google Analytics.<\/p>\n<\/div><div class=\"fusion-sep-clear\"><\/div><div class=\"fusion-separator fusion-full-width-sep\" style=\"margin-left: auto;margin-right: auto;margin-top:40px;width:100%;\"><\/div><div class=\"fusion-sep-clear\"><\/div><div class=\"fusion-clearfix\"><\/div><\/div><\/div><div class=\"fusion-layout-column fusion_builder_column fusion-builder-column-2 fusion_builder_column_1_2 1_2 fusion-one-half fusion-column-last\" style=\"--awb-bg-size:cover;width:48%;\"><div class=\"fusion-column-wrapper fusion-flex-column-wrapper-legacy\"><div class=\"fusion-text fusion-text-4\"><h3 data-fontsize=\"40\" data-lineheight=\"48\">Copyright und Redaktion<\/h3>\n<\/div><div class=\"fusion-sep-clear\"><\/div><div class=\"fusion-separator fusion-full-width-sep\" style=\"margin-left: auto;margin-right: auto;margin-top:40px;width:100%;\"><\/div><div class=\"fusion-sep-clear\"><\/div><div class=\"fusion-text fusion-text-5\"><p>PORTMANN CONTENT<\/p>\n<p>Eine Division der<br \/>\nportmann-group.com GmbH<\/p>\n<p>Etzelmatt 5<br \/>\nCH-5430 Wettingen<br \/>\nTel. +41 56 426 88 55<br \/>\n<a href=\"mailto:info@portmann-group.com\">info@portmann-group.com<\/a><br \/>\n<a href=\"https:\/\/www.filmguide.ch\" target=\"_blank\" rel=\"noopener\">www.filmguide.ch<\/a><\/p>\n<\/div><div class=\"fusion-sep-clear\"><\/div><div class=\"fusion-separator fusion-full-width-sep\" style=\"margin-left: auto;margin-right: auto;margin-top:40px;width:100%;\"><\/div><div class=\"fusion-sep-clear\"><\/div><div class=\"fusion-text fusion-text-6\"><p>Website by\u00a0<a href=\"http:\/\/www.ultralounge.ch\" target=\"_blank\" rel=\"noopener\">Ultralounge<\/a><\/p>\n<\/div><div class=\"fusion-sep-clear\"><\/div><div class=\"fusion-separator fusion-full-width-sep\" style=\"margin-left: auto;margin-right: auto;margin-top:40px;width:100%;\"><\/div><div class=\"fusion-sep-clear\"><\/div><div class=\"fusion-clearfix\"><\/div><\/div><\/div><\/div><\/div>\n","protected":false},"excerpt":{"rendered":"","protected":false},"author":1,"featured_media":0,"parent":0,"menu_order":0,"comment_status":"closed","ping_status":"closed","template":"100-width.php","meta":{"footnotes":""},"class_list":["post-1445","page","type-page","status-publish","hentry"],"_links":{"self":[{"href":"https:\/\/www.portmann-group.com\/filmguide\/wp-json\/wp\/v2\/pages\/1445","targetHints":{"allow":["GET"]}}],"collection":[{"href":"https:\/\/www.portmann-group.com\/filmguide\/wp-json\/wp\/v2\/pages"}],"about":[{"href":"https:\/\/www.portmann-group.com\/filmguide\/wp-json\/wp\/v2\/types\/page"}],"author":[{"embeddable":true,"href":"https:\/\/www.portmann-group.com\/filmguide\/wp-json\/wp\/v2\/users\/1"}],"replies":[{"embeddable":true,"href":"https:\/\/www.portmann-group.com\/filmguide\/wp-json\/wp\/v2\/comments?post=1445"}],"version-history":[{"count":8,"href":"https:\/\/www.portmann-group.com\/filmguide\/wp-json\/wp\/v2\/pages\/1445\/revisions"}],"predecessor-version":[{"id":2392,"href":"https:\/\/www.portmann-group.com\/filmguide\/wp-json\/wp\/v2\/pages\/1445\/revisions\/2392"}],"wp:attachment":[{"href":"https:\/\/www.portmann-group.com\/filmguide\/wp-json\/wp\/v2\/media?parent=1445"}],"curies":[{"name":"wp","href":"https:\/\/api.w.org\/{rel}","templated":true}]}}